{"id":200,"date":"2022-09-30T13:42:29","date_gmt":"2022-09-30T18:42:29","guid":{"rendered":"http:\/\/nomossystemes.com\/solutions-darmoires-de-commande\/other-electrical-grid-equipment\/"},"modified":"2023-02-22T19:24:28","modified_gmt":"2023-02-22T19:24:28","slug":"autres-equipements-de-reseau-electrique","status":"publish","type":"page","link":"https:\/\/nomossystemes.com\/fr\/autres-equipements-de-reseau-electrique\/","title":{"rendered":"Autres \u00e9quipements de r\u00e9seau \u00e9lectrique"},"content":{"rendered":"","protected":false},"excerpt":{"rendered":"<p> [&#8230;]<\/p>\n<p><a class=\"btn btn-secondary understrap-read-more-link\" href=\"https:\/\/nomossystemes.com\/fr\/autres-equipements-de-reseau-electrique\/\">Read More&#8230;<span class=\"screen-reader-text\"> from Autres \u00e9quipements de r\u00e9seau \u00e9lectrique<\/span><\/a><\/p>\n","protected":false},"author":1,"featured_media":0,"parent":0,"menu_order":0,"comment_status":"closed","ping_status":"closed","template":"page-other-electrical.php","meta":{"_acf_changed":false,"footnotes":""},"class_list":["post-200","page","type-page","status-publish","hentry"],"acf":[],"aioseo_notices":[],"_links":{"self":[{"href":"https:\/\/nomossystemes.com\/fr\/wp-json\/wp\/v2\/pages\/200","targetHints":{"allow":["GET"]}}],"collection":[{"href":"https:\/\/nomossystemes.com\/fr\/wp-json\/wp\/v2\/pages"}],"about":[{"href":"https:\/\/nomossystemes.com\/fr\/wp-json\/wp\/v2\/types\/page"}],"author":[{"embeddable":true,"href":"https:\/\/nomossystemes.com\/fr\/wp-json\/wp\/v2\/users\/1"}],"replies":[{"embeddable":true,"href":"https:\/\/nomossystemes.com\/fr\/wp-json\/wp\/v2\/comments?post=200"}],"version-history":[{"count":1,"href":"https:\/\/nomossystemes.com\/fr\/wp-json\/wp\/v2\/pages\/200\/revisions"}],"predecessor-version":[{"id":201,"href":"https:\/\/nomossystemes.com\/fr\/wp-json\/wp\/v2\/pages\/200\/revisions\/201"}],"wp:attachment":[{"href":"https:\/\/nomossystemes.com\/fr\/wp-json\/wp\/v2\/media?parent=200"}],"curies":[{"name":"wp","href":"https:\/\/api.w.org\/{rel}","templated":true}]}}